{"id":13,"date":"2024-04-10T14:13:55","date_gmt":"2024-04-10T14:13:55","guid":{"rendered":"https:\/\/mindfloor.de\/commander\/?page_id=13"},"modified":"2024-10-26T11:36:18","modified_gmt":"2024-10-26T11:36:18","slug":"chronik","status":"publish","type":"page","link":"https:\/\/harmonie-obernau.de\/index.php\/chronik\/","title":{"rendered":"Chronik"},"content":{"rendered":"\n<p class=\"has-medium-font-size\">Alles begann mit vier M\u00e4nnerstimmen im Jahr 1888.                                    Mitglieder des erst im Jahr davor gegr\u00fcndeten Kranken-Unterst\u00fctzungsverein wollten ihre Treffen mit Gesang noch freudiger und geselliger gestalten.            Der damalige Obernauer Lehrer Alois Klug \u00fcbernahm die Rolle des Dirigenten und f\u00fchrte durch die w\u00f6chentlichen Proben im Gasthaus \u201eZum Adler\u201c.               Am 3. Oktober 1888 war es dann offiziell: Unter dem Namen &#8222;Harmonie&#8220; wurde ein eigenst\u00e4ndiger Verein gegr\u00fcndet.<\/p>\n\n\n\n<p class=\"has-medium-font-size\">Die Freude am gemeinsamen Singen ist bis zum heutigen Tag geblieben, auch wenn der Gesangverein Harmonie heute nat\u00fcrlich ganz anders in Erscheinung tritt. Die Mitglieder gehen mit der Zeit \u2013 etwa durch die Gr\u00fcndung eines eigenen Popchores im Jahr 1988 \u2013 und k\u00f6nnen so auch junge Leute immer wieder f\u00fcr ihre Sache begeistern.<\/p>\n\n\n\n<p><strong>Ein Verein mit reichlicher Geschichte<\/strong><\/p>\n\n\n\n<p>Die lange Vereinsgeschichte ist von vielen Ver\u00e4nderungen gepr\u00e4gt.                      In der Vereinschronik sind nicht nur die freudigen Veranstaltungen und Feste belegt, sondern auch die schweren Zeiten des Gesangsverein Harmonie 1888 Obernau e.V. Der Ausbruch des 1. Weltkrieges setzte dem Singen vorerst ein Ende und sieben Mitglieder des Vereins kehrten leider nicht von der Front in die Heimat zur\u00fcck. Nach Ende des Krieges wurde die Vereinsarbeit wieder aufgenommen, jedoch mit schwindenden Mitgliederzahlen. So entschied man sich 1926 f\u00fcr die Gr\u00fcndung eines gemischten Chores. Die M\u00e4nner und Frauen von Obernau konnten nun gemeinsam ihr Gesangstalent zeigen. Es folgen gro\u00dfe Erfolge bei Wertungssingen und unvergessene Konzertabende, bis der 2. Weltkrieg erneut eine L\u00fccke in das Vereinsleben riss und viele Todesopfer unter den Sangeskameraden zu beklagen waren.<\/p>\n\n\n\n<p>Mit 39 aktiven Mitgliedern wurde das Singen nach dem Kriegsende wieder aufgenommen. Seitdem w\u00e4chst der Gesangverein Harmonie und erfindet sich immer wieder neu. Ein Kinderchor, ein reiner Frauenchor und eine Theatergruppe wurden gegr\u00fcndet, das traditionelle j\u00e4hrliche Weinfest eingef\u00fchrt und Adventskonzerte etabliert. Die Geschichte des Gesangvereins Harmonie 1888 Obernau e.V ist noch lange nicht zu Ende.<\/p>\n\n\n\n<p>Aktuelle besteht der Gesangverein Harmonie 1888 Obernau e.V aus vier verschiedenen Abteilungen, die eine gro\u00dfe Bandbreite an musikalischen Interessen abdecken.<\/p>\n\n\n\n<p>Die \u201eHarmonie Singers\u201c sind der gemischte Hauptchor des Vereines.                   Mit den \u201eVocal Harmonists\u201c wurde zus\u00e4tzlich ein zweiter, etwas kleinerer Chor gegr\u00fcndet. Dieser konzentriert sich auf etwas moderneres Liedgut und ist vor allem bei den j\u00fcngeren Mitgliedern sehr beliebt. Der \u201eKinder- und Jugendchor\u201c bringt die Freude an der Musik zu einer neuen Generation. Das abschlie\u00dfende \u201eM\u00e4nner Doppelsextett\u201c erinnert an die Anf\u00e4nge des Vereins. Hier zeigt sich die lange Tradition des Chors auf ganz besondere Weise.<\/p>\n\n\n\n<p>Jeder der vier Ch\u00f6re steht unter der Leitung eines eigenen Dirigenten. Die \u201eHarmonie Singers\u201c werden aktuell von Britta Gl\u00e4ser angef\u00fchrt. Sybille Phillipin ist die Dirigentin der \u201eVocal Harmonists\u201c. Die Arbeit mit dem \u201eKinder- und Jugendchor\u201c \u00fcbernimmt Julia Kolb, w\u00e4hrend das \u201eM\u00e4nner Doppelsextett\u201c unter der Leitung von Hubert Stripp steht.<\/p>\n\n\n\n<p><strong>Feste &amp; Auftritte des Gesangvereins Harmonie: Ein wichtiger Teil der Region<\/strong><\/p>\n\n\n\n<p>Musikalische Unterhaltung ist in Obernau durch den Gesangverein Harmonie garantiert. J\u00e4hrlich finden mehrere Veranstaltungen und Konzerte statt, die mittlerweile fest zum Jahreskreis geh\u00f6ren. Dazu z\u00e4hlt das j\u00e4hrliche Weinfest, mit dem der Herbst begr\u00fc\u00dft wird. Zwei Tage lang gibt es kulinarische K\u00f6stlichkeiten, erlesene Frankenweine und nat\u00fcrlich Unterhaltungsmusik.<\/p>\n\n\n\n<p>Wenige Wochen sp\u00e4ter wird es besinnlich. Der Advent bedeutet f\u00fcr den Chor Hochsaison. Bei Gl\u00fchwein und Bratwurst k\u00f6nnen Besucher des Vereinsheimes weihnachtlichen Liedern lauschen. Noch festlicher ist nur das Advents-Konzert in der Kirche, das bereits seit 1968 stattfindet und f\u00fcr viele Obenauer ein fixer Bestandteil der Vorweihnachtszeit ist.<\/p>\n\n\n\n<p>Auch in den restlichen Monaten gibt es f\u00fcr den Chor viel zu tun. Gottesdienste werden mitgestaltet, Jubil\u00e4umskonzerte organisiert und die sommerliche Serenade zelebriert. Bei Wertungssingen wird sich mit anderen Ch\u00f6ren aus Deutschland gemessen \u2013 jedes Mal aufs Neue eine attraktive Herausforderung.<\/p>\n\n\n\n<p>Immer wieder veranstaltet der Gesangverein Harmonie auch Konzerte mit anderen Ch\u00f6ren aus der Region. So weihte man etwa in den 90ern die damals neue Stadthalle gemeinsam mit Gesangsgruppen aus Damm und Schweinheim ein. Ch\u00f6re aus dem Ausland waren ebenfalls bereits auf Einladung des Gesangvereins in Obernau und bereicherten gemeinsame Konzerte mit ihrem eigenen Stil.<\/p>\n\n\n\n<p>Wenn die Vereinsmitglieder nicht gerade gemeinsam singen, wird der Zusammenhalt durch andere Freizeitbesch\u00e4ftigungen vertieft. Wandertage oder Bastelstunden mit dem Kinderchor stehen regelm\u00e4\u00dfig auf dem Programm und erg\u00e4nzen das Vereinsleben.<\/p>\n\n\n\n<p><strong>Der Gesangverein Harmonie 1888 Obernau e.V. auf gro\u00dfer Tour<\/strong><\/p>\n\n\n\n<p>Was in den zahlreichen Proben einstudiert wird, soll nat\u00fcrlich auch auf der B\u00fchne ein gro\u00dfes Publikum begeistern. Dazu gibt es im Gesangverein Harmonie viele M\u00f6glichkeiten, direkt in der Region und weit \u00fcber deren Grenzen hinaus. So hatte der Chor in den letzten Jahren Auftritte in \u00d6sterreich und Kroatien.\u00a0<\/p>\n\n\n\n<p>Aus dem Doppelsextett formte sich ein \u201eBerg Chor\u201c der Wanderungen und H\u00fcttentouren im deutschen und auch im \u00f6sterreichischen Alpenraum unternimmt. Die Auftritte bei mehreren Bergmessen bleiben f\u00fcr den Chor unvergessliche Erlebnisse, bei denen sie mit ihrem vorgetragenen Liedgut die gl\u00e4ubigen Messebesucher begeistern konnten.<\/p>\n\n\n\n<p>Auch die j\u00fcngsten S\u00e4nger im Gesangverein freuen sich \u00fcber zahlreiche Ausfl\u00fcge. Jedes Jahr geht es f\u00fcr den Kinder- und Jugendchor mehrere Tage in den Center Park. Hinzu kommen saisonale Highlights wie das Mitwirken beim Aschaffenburger Faschingszug oder ein gemeinsamer Tag im Freizeitpark Steinau. Ihr Talent beweisen die Kinder regelm\u00e4\u00dfig bei speziellen Auff\u00fchrungen, darunter beliebte Musicals f\u00fcr die ganze Familie wie \u201eTabaluga\u201c oder \u201eDas Dschungelbuch\u201c. Einstudiert und gestaltet von ihrem ehemaligen langj\u00e4hrigen Chorleiter und Dirigenten Hubert Stripp.<\/p>\n\n\n\n<p><strong>Neue Mitglieder sind immer willkommen<\/strong><\/p>\n\n\n\n<p>Der Gesangverein Harmonie 1888 Obernau e.V. freut sich \u00fcber Mitglieder jeden Alters und jeder Stimmlage. Die Basis des Vereinsleben bilden die w\u00f6chentlichen Proben im Vereinsheim in der Schulgasse, die jeden Donnerstag f\u00fcr Erwachsene und jeden Freitag f\u00fcr die Kinder und Jugendlichen stattfinden. Hier wird geprobt, was mehrmals im Jahr auf der B\u00fchne pr\u00e4sentiert wird.<\/p>\n\n\n\n<p>Neue Mitglieder k\u00f6nnen sich nicht nur \u00fcber neue Freundschaften und viel Unterhaltung freuen, sondern auch \u00fcber hochwertiges Gesangstraining. Die Probeeinheiten beinhalten wichtige Atem\u00fcbungen und eine klassische Stimmbildung durch geschulte, erfahrene Dirigenten.<\/p>\n\n\n\n<p>Der Gesangverein zelebriert seit 135 Jahren die Kunst des gemeinsamen Singens. Was als bescheidenes M\u00e4nner-Quartett begann, ist heute ein vielseitiger Chor f\u00fcr Jung und Alt. Die talentierten Stimmen aus Obernau bringen den Verein regelm\u00e4\u00dfig auf B\u00fchnen in der Region und dar\u00fcber hinaus.<\/p>\n\n\n\n<p><\/p>\n","protected":false},"excerpt":{"rendered":"<p>Alles begann mit vier M\u00e4nnerstimmen im Jahr 1888. Mitglieder des erst im Jahr davor gegr\u00fcndeten Kranken-Unterst\u00fctzungsverein wollten ihre Treffen mit Gesang noch freudiger und geselliger gestalten. Der damalige Obernauer Lehrer Alois Klug \u00fcbernahm die Rolle des Dirigenten und f\u00fchrte durch die w\u00f6chentlichen Proben im Gasthaus \u201eZum Adler\u201c. Am 3. Oktober 1888 war es dann offiziell: [&hellip;]<\/p>\n","protected":false},"author":1,"featured_media":0,"parent":0,"menu_order":0,"comment_status":"closed","ping_status":"closed","template":"","meta":{"footnotes":""},"class_list":["post-13","page","type-page","status-publish","hentry"],"yoast_head":"<!-- This site is optimized with the Yoast SEO plugin v27.5 - https:\/\/yoast.com\/product\/yoast-seo-wordpress\/ -->\n<title>Chronik - Gesangverein &quot;Harmonie&quot; Obernau 1888 e.V.<\/title>\n<meta name=\"robots\" content=\"index, follow, max-snippet:-1, max-image-preview:large, max-video-preview:-1\" \/>\n<link rel=\"canonical\" href=\"https:\/\/harmonie-obernau.de\/index.php\/chronik\/\" \/>\n<meta property=\"og:locale\" content=\"de_DE\" \/>\n<meta property=\"og:type\" content=\"article\" \/>\n<meta property=\"og:title\" content=\"Chronik - Gesangverein &quot;Harmonie&quot; Obernau 1888 e.V.\" \/>\n<meta property=\"og:description\" content=\"Alles begann mit vier M\u00e4nnerstimmen im Jahr 1888. Mitglieder des erst im Jahr davor gegr\u00fcndeten Kranken-Unterst\u00fctzungsverein wollten ihre Treffen mit Gesang noch freudiger und geselliger gestalten. Der damalige Obernauer Lehrer Alois Klug \u00fcbernahm die Rolle des Dirigenten und f\u00fchrte durch die w\u00f6chentlichen Proben im Gasthaus \u201eZum Adler\u201c. Am 3. Oktober 1888 war es dann offiziell: [&hellip;]\" \/>\n<meta property=\"og:url\" content=\"https:\/\/harmonie-obernau.de\/index.php\/chronik\/\" \/>\n<meta property=\"og:site_name\" content=\"Gesangverein &quot;Harmonie&quot; Obernau 1888 e.V.\" \/>\n<meta property=\"article:modified_time\" content=\"2024-10-26T11:36:18+00:00\" \/>\n<meta name=\"twitter:card\" content=\"summary_large_image\" \/>\n<meta name=\"twitter:label1\" content=\"Gesch\u00e4tzte Lesezeit\" \/>\n\t<meta name=\"twitter:data1\" content=\"5\u00a0Minuten\" \/>\n<script type=\"application\/ld+json\" class=\"yoast-schema-graph\">{\"@context\":\"https:\\\/\\\/schema.org\",\"@graph\":[{\"@type\":\"WebPage\",\"@id\":\"https:\\\/\\\/harmonie-obernau.de\\\/index.php\\\/chronik\\\/\",\"url\":\"https:\\\/\\\/harmonie-obernau.de\\\/index.php\\\/chronik\\\/\",\"name\":\"Chronik - Gesangverein &quot;Harmonie&quot; Obernau 1888 e.V.\",\"isPartOf\":{\"@id\":\"https:\\\/\\\/harmonie-obernau.de\\\/#website\"},\"datePublished\":\"2024-04-10T14:13:55+00:00\",\"dateModified\":\"2024-10-26T11:36:18+00:00\",\"breadcrumb\":{\"@id\":\"https:\\\/\\\/harmonie-obernau.de\\\/index.php\\\/chronik\\\/#breadcrumb\"},\"inLanguage\":\"de\",\"potentialAction\":[{\"@type\":\"ReadAction\",\"target\":[\"https:\\\/\\\/harmonie-obernau.de\\\/index.php\\\/chronik\\\/\"]}]},{\"@type\":\"BreadcrumbList\",\"@id\":\"https:\\\/\\\/harmonie-obernau.de\\\/index.php\\\/chronik\\\/#breadcrumb\",\"itemListElement\":[{\"@type\":\"ListItem\",\"position\":1,\"name\":\"Startseite\",\"item\":\"https:\\\/\\\/harmonie-obernau.de\\\/\"},{\"@type\":\"ListItem\",\"position\":2,\"name\":\"Chronik\"}]},{\"@type\":\"WebSite\",\"@id\":\"https:\\\/\\\/harmonie-obernau.de\\\/#website\",\"url\":\"https:\\\/\\\/harmonie-obernau.de\\\/\",\"name\":\"Gesangverein \\\"Harmonie\\\" Obernau 1888 e.V.\",\"description\":\"\",\"publisher\":{\"@id\":\"https:\\\/\\\/harmonie-obernau.de\\\/#organization\"},\"potentialAction\":[{\"@type\":\"SearchAction\",\"target\":{\"@type\":\"EntryPoint\",\"urlTemplate\":\"https:\\\/\\\/harmonie-obernau.de\\\/?s={search_term_string}\"},\"query-input\":{\"@type\":\"PropertyValueSpecification\",\"valueRequired\":true,\"valueName\":\"search_term_string\"}}],\"inLanguage\":\"de\"},{\"@type\":\"Organization\",\"@id\":\"https:\\\/\\\/harmonie-obernau.de\\\/#organization\",\"name\":\"Gesangverein \\\"Harmonie\\\" Obernau 1888 e.V.\",\"url\":\"https:\\\/\\\/harmonie-obernau.de\\\/\",\"logo\":{\"@type\":\"ImageObject\",\"inLanguage\":\"de\",\"@id\":\"https:\\\/\\\/harmonie-obernau.de\\\/#\\\/schema\\\/logo\\\/image\\\/\",\"url\":\"https:\\\/\\\/harmonie-obernau.de\\\/wp-content\\\/uploads\\\/2024\\\/08\\\/20170426184050_GVHarmonie.jpg\",\"contentUrl\":\"https:\\\/\\\/harmonie-obernau.de\\\/wp-content\\\/uploads\\\/2024\\\/08\\\/20170426184050_GVHarmonie.jpg\",\"width\":140,\"height\":188,\"caption\":\"Gesangverein \\\"Harmonie\\\" Obernau 1888 e.V.\"},\"image\":{\"@id\":\"https:\\\/\\\/harmonie-obernau.de\\\/#\\\/schema\\\/logo\\\/image\\\/\"}}]}<\/script>\n<!-- \/ Yoast SEO plugin. -->","yoast_head_json":{"title":"Chronik - Gesangverein &quot;Harmonie&quot; Obernau 1888 e.V.","robots":{"index":"index","follow":"follow","max-snippet":"max-snippet:-1","max-image-preview":"max-image-preview:large","max-video-preview":"max-video-preview:-1"},"canonical":"https:\/\/harmonie-obernau.de\/index.php\/chronik\/","og_locale":"de_DE","og_type":"article","og_title":"Chronik - Gesangverein &quot;Harmonie&quot; Obernau 1888 e.V.","og_description":"Alles begann mit vier M\u00e4nnerstimmen im Jahr 1888. Mitglieder des erst im Jahr davor gegr\u00fcndeten Kranken-Unterst\u00fctzungsverein wollten ihre Treffen mit Gesang noch freudiger und geselliger gestalten. Der damalige Obernauer Lehrer Alois Klug \u00fcbernahm die Rolle des Dirigenten und f\u00fchrte durch die w\u00f6chentlichen Proben im Gasthaus \u201eZum Adler\u201c. Am 3. Oktober 1888 war es dann offiziell: [&hellip;]","og_url":"https:\/\/harmonie-obernau.de\/index.php\/chronik\/","og_site_name":"Gesangverein &quot;Harmonie&quot; Obernau 1888 e.V.","article_modified_time":"2024-10-26T11:36:18+00:00","twitter_card":"summary_large_image","twitter_misc":{"Gesch\u00e4tzte Lesezeit":"5\u00a0Minuten"},"schema":{"@context":"https:\/\/schema.org","@graph":[{"@type":"WebPage","@id":"https:\/\/harmonie-obernau.de\/index.php\/chronik\/","url":"https:\/\/harmonie-obernau.de\/index.php\/chronik\/","name":"Chronik - Gesangverein &quot;Harmonie&quot; Obernau 1888 e.V.","isPartOf":{"@id":"https:\/\/harmonie-obernau.de\/#website"},"datePublished":"2024-04-10T14:13:55+00:00","dateModified":"2024-10-26T11:36:18+00:00","breadcrumb":{"@id":"https:\/\/harmonie-obernau.de\/index.php\/chronik\/#breadcrumb"},"inLanguage":"de","potentialAction":[{"@type":"ReadAction","target":["https:\/\/harmonie-obernau.de\/index.php\/chronik\/"]}]},{"@type":"BreadcrumbList","@id":"https:\/\/harmonie-obernau.de\/index.php\/chronik\/#breadcrumb","itemListElement":[{"@type":"ListItem","position":1,"name":"Startseite","item":"https:\/\/harmonie-obernau.de\/"},{"@type":"ListItem","position":2,"name":"Chronik"}]},{"@type":"WebSite","@id":"https:\/\/harmonie-obernau.de\/#website","url":"https:\/\/harmonie-obernau.de\/","name":"Gesangverein \"Harmonie\" Obernau 1888 e.V.","description":"","publisher":{"@id":"https:\/\/harmonie-obernau.de\/#organization"},"potentialAction":[{"@type":"SearchAction","target":{"@type":"EntryPoint","urlTemplate":"https:\/\/harmonie-obernau.de\/?s={search_term_string}"},"query-input":{"@type":"PropertyValueSpecification","valueRequired":true,"valueName":"search_term_string"}}],"inLanguage":"de"},{"@type":"Organization","@id":"https:\/\/harmonie-obernau.de\/#organization","name":"Gesangverein \"Harmonie\" Obernau 1888 e.V.","url":"https:\/\/harmonie-obernau.de\/","logo":{"@type":"ImageObject","inLanguage":"de","@id":"https:\/\/harmonie-obernau.de\/#\/schema\/logo\/image\/","url":"https:\/\/harmonie-obernau.de\/wp-content\/uploads\/2024\/08\/20170426184050_GVHarmonie.jpg","contentUrl":"https:\/\/harmonie-obernau.de\/wp-content\/uploads\/2024\/08\/20170426184050_GVHarmonie.jpg","width":140,"height":188,"caption":"Gesangverein \"Harmonie\" Obernau 1888 e.V."},"image":{"@id":"https:\/\/harmonie-obernau.de\/#\/schema\/logo\/image\/"}}]}},"_links":{"self":[{"href":"https:\/\/harmonie-obernau.de\/index.php\/wp-json\/wp\/v2\/pages\/13","targetHints":{"allow":["GET"]}}],"collection":[{"href":"https:\/\/harmonie-obernau.de\/index.php\/wp-json\/wp\/v2\/pages"}],"about":[{"href":"https:\/\/harmonie-obernau.de\/index.php\/wp-json\/wp\/v2\/types\/page"}],"author":[{"embeddable":true,"href":"https:\/\/harmonie-obernau.de\/index.php\/wp-json\/wp\/v2\/users\/1"}],"replies":[{"embeddable":true,"href":"https:\/\/harmonie-obernau.de\/index.php\/wp-json\/wp\/v2\/comments?post=13"}],"version-history":[{"count":17,"href":"https:\/\/harmonie-obernau.de\/index.php\/wp-json\/wp\/v2\/pages\/13\/revisions"}],"predecessor-version":[{"id":451,"href":"https:\/\/harmonie-obernau.de\/index.php\/wp-json\/wp\/v2\/pages\/13\/revisions\/451"}],"wp:attachment":[{"href":"https:\/\/harmonie-obernau.de\/index.php\/wp-json\/wp\/v2\/media?parent=13"}],"curies":[{"name":"wp","href":"https:\/\/api.w.org\/{rel}","templated":true}]}}