{"id":54,"date":"2024-04-13T11:44:12","date_gmt":"2024-04-13T11:44:12","guid":{"rendered":"https:\/\/mindfloor.de\/commander\/?page_id=54"},"modified":"2024-08-15T19:27:25","modified_gmt":"2024-08-15T19:27:25","slug":"impressum","status":"publish","type":"page","link":"https:\/\/harmonie-obernau.de\/index.php\/impressum\/","title":{"rendered":"Impressum"},"content":{"rendered":"\n<p style=\"font-size:clamp(16.293px, 1.018rem + ((1vw - 3.2px) * 0.989), 25px);\"><strong>Gesangverein Harmonie Obernau 1888 e.V.<\/strong><\/p>\n\n\n\n<p>Schulgasse 2, 63743 Aschaffenburg-Obernau<\/p>\n\n\n\n<p>E-Mail: gesang@harmonie-obernau.de <\/p>\n\n\n\n<p>Eingetragen im Vereinsregister des Amtsgerichts Aschaffenburg<\/p>\n\n\n\n<p><\/p>\n\n\n\n<p style=\"font-size:13px\">Die Inhalte dieser Seiten wurden mit gro\u00dfer Sorgfalt erstellt. F\u00fcr die Richtigkeit, Vollst\u00e4ndigkeit und Aktualit\u00e4t der Inhalte k\u00f6nnen wir jedoch keine Gew\u00e4hr \u00fcbernehmen. Verpflichtungen zur Entfernung oder Sperrung der Nutzung von Informationen nach den allgemeinen Gesetzen bleiben hiervon unber\u00fchrt. Eine diesbez\u00fcgliche Haftung ist jedoch erst ab dem Zeitpunkt der Kenntnis einer konkreten Rechtsverletzung m\u00f6glich. Bei Bekanntwerden von entsprechenden Rechtsverletzungen werden wir diese Inhalte umgehend entfernen. Die Rechte der ver\u00f6ffentlichten Bilder unserer Seite liegen bei unseren Chormitgliedern. Unsere Seite enth\u00e4lt Links zu externen Webseiten Dritter, auf deren Inhalte wir jedoch keinen Einfluss nehmen k\u00f6nnen. Deshalb k\u00f6nnen wir f\u00fcr diese fremden Inhalte auch keine Gew\u00e4hr leisten. F\u00fcr die Inhalte der verlinkten Seiten ist stets der jeweilige Anbieter oder Betreiber der Seiten verantwortlich. Die verlinkten Seiten wurden zu dem Zeitpunkt der Verlinkung auf m\u00f6gliche Rechtsverst\u00f6\u00dfe \u00fcberpr\u00fcft. Es waren keine rechtswidrigen Inhalte zum Zeitpunkt der Verlinkung zu erkennen. Eine permanente inhaltliche Kontrolle der verlinkten Seiten ist ohne konkrete Anhaltspunkte einer Rechtsverletzung nicht zumutbar. Bei Bekanntwerden von Rechtsverletzungen werden wir derartige Links umgehend entfernen. <\/p>\n\n\n\n<p><strong>Allgemeine Datenschutzerkl\u00e4rung<\/strong><\/p>\n\n\n\n<p style=\"font-size:13px\">Durch die Nutzung unserer Website erkl\u00e4ren Sie sich mit der Erhebung, Verarbeitung und Nutzung von Daten gem\u00e4\u00df der nachfolgenden Beschreibung einverstanden. F\u00fcr den Besuch auf unserer Website m\u00fcssen Sie grunds\u00e4tzlich keine Registrierung vornehmen. Durch das Aufrufen unserer Website werden Daten wie beispielsweise aufgerufene Seiten bzw. Namen der abgerufenen Datei, Datum und Uhrzeit zu statistischen Zwecken auf dem Server gespeichert, ohne dass diese Daten unmittelbar auf Ihre Person bezogen werden. Personenbezogene Daten, insbesondere Name, Adresse oder E-Mail-Adresse werden soweit m\u00f6glich auf freiwilliger Basis erhoben. Ohne Ihre Einwilligung erfolgt keine Weitergabe Ihrer Daten an Dritte.<\/p>\n\n\n\n<p style=\"font-size:13px\">Unsere Website verwendet Cookies. Cookies erm\u00f6glichen es, insbesondere Nutzungsh\u00e4ufigkeit und Nutzeranzahl der Seiten zu ermitteln, Verhaltensweisen der Seitennutzung zu analysieren, aber auch unser Angebot kundenfreundlicher zu gestalten. Cookies bleiben \u00fcber das Ende einer Browser-Sitzung gespeichert und k\u00f6nnen bei einem erneuten Seitenbesuch wieder aufgerufen werden. Wenn Sie das nicht w\u00fcnschen, sollten Sie Ihren Internetbrowser so einstellen, dass er die Annahme von Cookies verweigert.<\/p>\n","protected":false},"excerpt":{"rendered":"<p>Gesangverein Harmonie Obernau 1888 e.V. Schulgasse 2, 63743 Aschaffenburg-Obernau E-Mail: gesang@harmonie-obernau.de Eingetragen im Vereinsregister des Amtsgerichts Aschaffenburg Die Inhalte dieser Seiten wurden mit gro\u00dfer Sorgfalt erstellt. F\u00fcr die Richtigkeit, Vollst\u00e4ndigkeit und Aktualit\u00e4t der Inhalte k\u00f6nnen wir jedoch keine Gew\u00e4hr \u00fcbernehmen. Verpflichtungen zur Entfernung oder Sperrung der Nutzung von Informationen nach den allgemeinen Gesetzen bleiben hiervon [&hellip;]<\/p>\n","protected":false},"author":1,"featured_media":0,"parent":0,"menu_order":0,"comment_status":"closed","ping_status":"closed","template":"","meta":{"footnotes":""},"class_list":["post-54","page","type-page","status-publish","hentry"],"yoast_head":"<!-- This site is optimized with the Yoast SEO plugin v27.5 - https:\/\/yoast.com\/product\/yoast-seo-wordpress\/ -->\n<title>Impressum - Gesangverein &quot;Harmonie&quot; Obernau 1888 e.V.<\/title>\n<meta name=\"robots\" content=\"index, follow, max-snippet:-1, max-image-preview:large, max-video-preview:-1\" \/>\n<link rel=\"canonical\" href=\"https:\/\/harmonie-obernau.de\/index.php\/impressum\/\" \/>\n<meta property=\"og:locale\" content=\"de_DE\" \/>\n<meta property=\"og:type\" content=\"article\" \/>\n<meta property=\"og:title\" content=\"Impressum - Gesangverein &quot;Harmonie&quot; Obernau 1888 e.V.\" \/>\n<meta property=\"og:description\" content=\"Gesangverein Harmonie Obernau 1888 e.V. Schulgasse 2, 63743 Aschaffenburg-Obernau E-Mail: gesang@harmonie-obernau.de Eingetragen im Vereinsregister des Amtsgerichts Aschaffenburg Die Inhalte dieser Seiten wurden mit gro\u00dfer Sorgfalt erstellt. F\u00fcr die Richtigkeit, Vollst\u00e4ndigkeit und Aktualit\u00e4t der Inhalte k\u00f6nnen wir jedoch keine Gew\u00e4hr \u00fcbernehmen. Verpflichtungen zur Entfernung oder Sperrung der Nutzung von Informationen nach den allgemeinen Gesetzen bleiben hiervon [&hellip;]\" \/>\n<meta property=\"og:url\" content=\"https:\/\/harmonie-obernau.de\/index.php\/impressum\/\" \/>\n<meta property=\"og:site_name\" content=\"Gesangverein &quot;Harmonie&quot; Obernau 1888 e.V.\" \/>\n<meta property=\"article:modified_time\" content=\"2024-08-15T19:27:25+00:00\" \/>\n<meta name=\"twitter:card\" content=\"summary_large_image\" \/>\n<meta name=\"twitter:label1\" content=\"Gesch\u00e4tzte Lesezeit\" \/>\n\t<meta name=\"twitter:data1\" content=\"2\u00a0Minuten\" \/>\n<script type=\"application\/ld+json\" class=\"yoast-schema-graph\">{\"@context\":\"https:\\\/\\\/schema.org\",\"@graph\":[{\"@type\":\"WebPage\",\"@id\":\"https:\\\/\\\/harmonie-obernau.de\\\/index.php\\\/impressum\\\/\",\"url\":\"https:\\\/\\\/harmonie-obernau.de\\\/index.php\\\/impressum\\\/\",\"name\":\"Impressum - Gesangverein &quot;Harmonie&quot; Obernau 1888 e.V.\",\"isPartOf\":{\"@id\":\"https:\\\/\\\/harmonie-obernau.de\\\/#website\"},\"datePublished\":\"2024-04-13T11:44:12+00:00\",\"dateModified\":\"2024-08-15T19:27:25+00:00\",\"breadcrumb\":{\"@id\":\"https:\\\/\\\/harmonie-obernau.de\\\/index.php\\\/impressum\\\/#breadcrumb\"},\"inLanguage\":\"de\",\"potentialAction\":[{\"@type\":\"ReadAction\",\"target\":[\"https:\\\/\\\/harmonie-obernau.de\\\/index.php\\\/impressum\\\/\"]}]},{\"@type\":\"BreadcrumbList\",\"@id\":\"https:\\\/\\\/harmonie-obernau.de\\\/index.php\\\/impressum\\\/#breadcrumb\",\"itemListElement\":[{\"@type\":\"ListItem\",\"position\":1,\"name\":\"Startseite\",\"item\":\"https:\\\/\\\/harmonie-obernau.de\\\/\"},{\"@type\":\"ListItem\",\"position\":2,\"name\":\"Impressum\"}]},{\"@type\":\"WebSite\",\"@id\":\"https:\\\/\\\/harmonie-obernau.de\\\/#website\",\"url\":\"https:\\\/\\\/harmonie-obernau.de\\\/\",\"name\":\"Gesangverein \\\"Harmonie\\\" Obernau 1888 e.V.\",\"description\":\"\",\"publisher\":{\"@id\":\"https:\\\/\\\/harmonie-obernau.de\\\/#organization\"},\"potentialAction\":[{\"@type\":\"SearchAction\",\"target\":{\"@type\":\"EntryPoint\",\"urlTemplate\":\"https:\\\/\\\/harmonie-obernau.de\\\/?s={search_term_string}\"},\"query-input\":{\"@type\":\"PropertyValueSpecification\",\"valueRequired\":true,\"valueName\":\"search_term_string\"}}],\"inLanguage\":\"de\"},{\"@type\":\"Organization\",\"@id\":\"https:\\\/\\\/harmonie-obernau.de\\\/#organization\",\"name\":\"Gesangverein \\\"Harmonie\\\" Obernau 1888 e.V.\",\"url\":\"https:\\\/\\\/harmonie-obernau.de\\\/\",\"logo\":{\"@type\":\"ImageObject\",\"inLanguage\":\"de\",\"@id\":\"https:\\\/\\\/harmonie-obernau.de\\\/#\\\/schema\\\/logo\\\/image\\\/\",\"url\":\"https:\\\/\\\/harmonie-obernau.de\\\/wp-content\\\/uploads\\\/2024\\\/08\\\/20170426184050_GVHarmonie.jpg\",\"contentUrl\":\"https:\\\/\\\/harmonie-obernau.de\\\/wp-content\\\/uploads\\\/2024\\\/08\\\/20170426184050_GVHarmonie.jpg\",\"width\":140,\"height\":188,\"caption\":\"Gesangverein \\\"Harmonie\\\" Obernau 1888 e.V.\"},\"image\":{\"@id\":\"https:\\\/\\\/harmonie-obernau.de\\\/#\\\/schema\\\/logo\\\/image\\\/\"}}]}<\/script>\n<!-- \/ Yoast SEO plugin. -->","yoast_head_json":{"title":"Impressum - Gesangverein &quot;Harmonie&quot; Obernau 1888 e.V.","robots":{"index":"index","follow":"follow","max-snippet":"max-snippet:-1","max-image-preview":"max-image-preview:large","max-video-preview":"max-video-preview:-1"},"canonical":"https:\/\/harmonie-obernau.de\/index.php\/impressum\/","og_locale":"de_DE","og_type":"article","og_title":"Impressum - Gesangverein &quot;Harmonie&quot; Obernau 1888 e.V.","og_description":"Gesangverein Harmonie Obernau 1888 e.V. Schulgasse 2, 63743 Aschaffenburg-Obernau E-Mail: gesang@harmonie-obernau.de Eingetragen im Vereinsregister des Amtsgerichts Aschaffenburg Die Inhalte dieser Seiten wurden mit gro\u00dfer Sorgfalt erstellt. F\u00fcr die Richtigkeit, Vollst\u00e4ndigkeit und Aktualit\u00e4t der Inhalte k\u00f6nnen wir jedoch keine Gew\u00e4hr \u00fcbernehmen. Verpflichtungen zur Entfernung oder Sperrung der Nutzung von Informationen nach den allgemeinen Gesetzen bleiben hiervon [&hellip;]","og_url":"https:\/\/harmonie-obernau.de\/index.php\/impressum\/","og_site_name":"Gesangverein &quot;Harmonie&quot; Obernau 1888 e.V.","article_modified_time":"2024-08-15T19:27:25+00:00","twitter_card":"summary_large_image","twitter_misc":{"Gesch\u00e4tzte Lesezeit":"2\u00a0Minuten"},"schema":{"@context":"https:\/\/schema.org","@graph":[{"@type":"WebPage","@id":"https:\/\/harmonie-obernau.de\/index.php\/impressum\/","url":"https:\/\/harmonie-obernau.de\/index.php\/impressum\/","name":"Impressum - Gesangverein &quot;Harmonie&quot; Obernau 1888 e.V.","isPartOf":{"@id":"https:\/\/harmonie-obernau.de\/#website"},"datePublished":"2024-04-13T11:44:12+00:00","dateModified":"2024-08-15T19:27:25+00:00","breadcrumb":{"@id":"https:\/\/harmonie-obernau.de\/index.php\/impressum\/#breadcrumb"},"inLanguage":"de","potentialAction":[{"@type":"ReadAction","target":["https:\/\/harmonie-obernau.de\/index.php\/impressum\/"]}]},{"@type":"BreadcrumbList","@id":"https:\/\/harmonie-obernau.de\/index.php\/impressum\/#breadcrumb","itemListElement":[{"@type":"ListItem","position":1,"name":"Startseite","item":"https:\/\/harmonie-obernau.de\/"},{"@type":"ListItem","position":2,"name":"Impressum"}]},{"@type":"WebSite","@id":"https:\/\/harmonie-obernau.de\/#website","url":"https:\/\/harmonie-obernau.de\/","name":"Gesangverein \"Harmonie\" Obernau 1888 e.V.","description":"","publisher":{"@id":"https:\/\/harmonie-obernau.de\/#organization"},"potentialAction":[{"@type":"SearchAction","target":{"@type":"EntryPoint","urlTemplate":"https:\/\/harmonie-obernau.de\/?s={search_term_string}"},"query-input":{"@type":"PropertyValueSpecification","valueRequired":true,"valueName":"search_term_string"}}],"inLanguage":"de"},{"@type":"Organization","@id":"https:\/\/harmonie-obernau.de\/#organization","name":"Gesangverein \"Harmonie\" Obernau 1888 e.V.","url":"https:\/\/harmonie-obernau.de\/","logo":{"@type":"ImageObject","inLanguage":"de","@id":"https:\/\/harmonie-obernau.de\/#\/schema\/logo\/image\/","url":"https:\/\/harmonie-obernau.de\/wp-content\/uploads\/2024\/08\/20170426184050_GVHarmonie.jpg","contentUrl":"https:\/\/harmonie-obernau.de\/wp-content\/uploads\/2024\/08\/20170426184050_GVHarmonie.jpg","width":140,"height":188,"caption":"Gesangverein \"Harmonie\" Obernau 1888 e.V."},"image":{"@id":"https:\/\/harmonie-obernau.de\/#\/schema\/logo\/image\/"}}]}},"_links":{"self":[{"href":"https:\/\/harmonie-obernau.de\/index.php\/wp-json\/wp\/v2\/pages\/54","targetHints":{"allow":["GET"]}}],"collection":[{"href":"https:\/\/harmonie-obernau.de\/index.php\/wp-json\/wp\/v2\/pages"}],"about":[{"href":"https:\/\/harmonie-obernau.de\/index.php\/wp-json\/wp\/v2\/types\/page"}],"author":[{"embeddable":true,"href":"https:\/\/harmonie-obernau.de\/index.php\/wp-json\/wp\/v2\/users\/1"}],"replies":[{"embeddable":true,"href":"https:\/\/harmonie-obernau.de\/index.php\/wp-json\/wp\/v2\/comments?post=54"}],"version-history":[{"count":7,"href":"https:\/\/harmonie-obernau.de\/index.php\/wp-json\/wp\/v2\/pages\/54\/revisions"}],"predecessor-version":[{"id":397,"href":"https:\/\/harmonie-obernau.de\/index.php\/wp-json\/wp\/v2\/pages\/54\/revisions\/397"}],"wp:attachment":[{"href":"https:\/\/harmonie-obernau.de\/index.php\/wp-json\/wp\/v2\/media?parent=54"}],"curies":[{"name":"wp","href":"https:\/\/api.w.org\/{rel}","templated":true}]}}